{"id":303,"date":"2025-05-26T15:08:55","date_gmt":"2025-05-26T13:08:55","guid":{"rendered":"https:\/\/netcar.spp.hu\/tatabanya\/?page_id=303"},"modified":"2025-05-26T15:10:17","modified_gmt":"2025-05-26T13:10:17","slug":"gki-arak","status":"publish","type":"page","link":"https:\/\/netcar.spp.hu\/tatabanya\/gki-arak\/","title":{"rendered":"GKI \u00e1rak"},"content":{"rendered":"\t\t<div data-elementor-type=\"wp-page\" data-elementor-id=\"303\" class=\"elementor elementor-303\">\n\t\t\t\t<div class=\"aux-parallax-section elementor-element elementor-element-a78a90a e-flex e-con-boxed e-con e-parent\" data-id=\"a78a90a\" data-element_type=\"container\">\n\t\t\t\t\t<div class=\"e-con-inner\">\n\t\t\t\t<div class=\"elementor-element elementor-element-13047a6 aux-appear-watch-animation aux-fade-in-up elementor-widget elementor-widget-aux_modern_heading\" data-id=\"13047a6\" data-element_type=\"widget\" data-widget_type=\"aux_modern_heading.default\">\n\t\t\t\t<div class=\"elementor-widget-container\">\n\t\t\t\t\t<section class=\"aux-widget-modern-heading\">\n            <div class=\"aux-widget-inner\"><div class=\"aux-modern-heading-divider\"><\/div><h3 class=\"aux-modern-heading-primary\">GKI k\u00e9pz\u00e9sek<\/h3><\/div>\n        <\/section>\t\t\t\t<\/div>\n\t\t\t\t<\/div>\n\t\t\t\t\t<\/div>\n\t\t\t\t<\/div>\n\t\t<div class=\"aux-parallax-section elementor-element elementor-element-4162061 e-flex e-con-boxed e-con e-parent\" data-id=\"4162061\" data-element_type=\"container\">\n\t\t\t\t\t<div class=\"e-con-inner\">\n\t\t\t\t<div class=\"elementor-element elementor-element-86ab473 elementor-widget elementor-widget-shortcode\" data-id=\"86ab473\" data-element_type=\"widget\" data-widget_type=\"shortcode.default\">\n\t\t\t\t<div class=\"elementor-widget-container\">\n\t\t\t\t\t\t\t<div class=\"elementor-shortcode\">\n<table id=\"tablepress-2\" class=\"tablepress tablepress-id-2\" aria-describedby=\"tablepress-2-description\">\n<thead>\n<tr class=\"row-1\">\n\t<th class=\"column-1\">K\u00e9pz\u00e9s<\/th><th class=\"column-2\">Elm\u00e9leti k\u00e9pz\u00e9s d\u00edja<\/th><th class=\"column-3\">Elm\u00e9let vizsgad\u00edj<\/th><th class=\"column-4\">Esettanulm\u00e1ny vizsgad\u00edj<\/th><th class=\"column-5\">Gyakorlat d\u00edj<\/th><th class=\"column-6\">Gyakorlati vizsgad\u00edj<\/th><th class=\"column-7\">\u00d6sszes tand\u00edj<\/th><th class=\"column-8\">\u00d6sszes vizsgad\u00edj<\/th><th class=\"column-9\">K\u00e1rtyad\u00edj<\/th><th class=\"column-10\">\u00d6sszes tanfolyam-, vizsga- \u00e9s k\u00e1rtyad\u00edj<\/th>\n<\/tr>\n<\/thead>\n<tbody class=\"row-striping row-hover\">\n<tr class=\"row-2\">\n\t<td class=\"column-1\">GKI CA<\/td><td class=\"column-2\">3x35.000 Ft<br \/>\n(105.000 Ft)<\/td><td class=\"column-3\">3x11.400 Ft<\/td><td class=\"column-4\">13.100 Ft<\/td><td class=\"column-5\">164.000 Ft<\/td><td class=\"column-6\">15.000 Ft<br \/>\n  9.800 Ft<br \/>\n10.900 Ft<\/td><td class=\"column-7\">269.000 Ft<\/td><td class=\"column-8\">83.000 Ft<\/td><td class=\"column-9\">16.100 Ft<\/td><td class=\"column-10\">368.100 Ft<\/td>\n<\/tr>\n<tr class=\"row-3\">\n\t<td class=\"column-1\">GKI DA<\/td><td class=\"column-2\">3x35.000 Ft<br \/>\r\n(105.000 Ft)<\/td><td class=\"column-3\">3x11.400 Ft<\/td><td class=\"column-4\">13.100 Ft<\/td><td class=\"column-5\">197.000 Ft<\/td><td class=\"column-6\">15.000 Ft<br \/>\r\n  9.800 Ft<br \/>\r\n10.900 Ft<\/td><td class=\"column-7\">302.000 Ft<\/td><td class=\"column-8\">83.000 Ft<\/td><td class=\"column-9\">16.100 Ft<\/td><td class=\"column-10\">401.100 Ft<\/td>\n<\/tr>\n<tr class=\"row-4\">\n\t<td class=\"column-1\">GKI CDA<\/td><td class=\"column-2\">4x35.000 Ft<br \/>\n(140.000 Ft)<\/td><td class=\"column-3\">4x11.400 Ft<br \/>\n(45.600 Ft)<\/td><td class=\"column-4\">13.100 Ft<\/td><td class=\"column-5\">329.000 Ft<\/td><td class=\"column-6\">2x15.000 Ft<br \/>\n2x  9.800 Ft<br \/>\n    10.900 Ft<\/td><td class=\"column-7\">469.000 Ft<\/td><td class=\"column-8\">118.300 Ft<\/td><td class=\"column-9\">16.100 Ft<\/td><td class=\"column-10\">603.400 Ft<\/td>\n<\/tr>\n<tr class=\"row-5\">\n\t<td class=\"column-1\">GKI CKA<\/td><td class=\"column-2\">25.000 Ft<\/td><td class=\"column-3\">11.400 Ft<\/td><td class=\"column-4\">13.100 Ft<\/td><td class=\"column-5\">164.000 Ft<\/td><td class=\"column-6\">15.000 Ft<br \/>\r\n  9.800 Ft<br \/>\r\n10.900 Ft<\/td><td class=\"column-7\">189.000 Ft<\/td><td class=\"column-8\">59.300 Ft<\/td><td class=\"column-9\">16.100 Ft<\/td><td class=\"column-10\">264.400 Ft<\/td>\n<\/tr>\n<tr class=\"row-6\">\n\t<td class=\"column-1\">GKI DKA<\/td><td class=\"column-2\">25.000 Ft<\/td><td class=\"column-3\">11.400 Ft<\/td><td class=\"column-4\">13.100 Ft<\/td><td class=\"column-5\">197.000 Ft<\/td><td class=\"column-6\">15.000 Ft<br \/>\r\n  9.800 Ft<br \/>\r\n10.900 Ft<\/td><td class=\"column-7\">222.000 Ft<\/td><td class=\"column-8\">59.300 Ft<\/td><td class=\"column-9\">16.100 Ft<\/td><td class=\"column-10\">297.400 Ft<\/td>\n<\/tr>\n<tr class=\"row-7\">\n\t<td class=\"column-1\">GKI CKTDA<\/td><td class=\"column-2\">4x35.000 Ft<br \/>\r\n(140.000 Ft)<\/td><td class=\"column-3\">4x11.400 Ft<br \/>\r\n(45.600 Ft)<\/td><td class=\"column-4\">13.100 Ft<\/td><td class=\"column-5\">197.000 Ft<\/td><td class=\"column-6\">15.000 Ft<br \/>\r\n  9.800 Ft<br \/>\r\n10.900 Ft<\/td><td class=\"column-7\">337.000 Ft<\/td><td class=\"column-8\">94.400 Ft<\/td><td class=\"column-9\">16.100 Ft<\/td><td class=\"column-10\">447.500 Ft<\/td>\n<\/tr>\n<tr class=\"row-8\">\n\t<td class=\"column-1\">GKI CDTVN<\/td><td class=\"column-2\">75.000 Ft<\/td><td class=\"column-3\">4x11.400 Ft<br \/>\r\n(45.600 Ft)<\/td><td class=\"column-4\">-<\/td><td class=\"column-5\">35.000 Ft<\/td><td class=\"column-6\">-<\/td><td class=\"column-7\">110.000 Ft<\/td><td class=\"column-8\">45.600 Ft<\/td><td class=\"column-9\">16.100 Ft<\/td><td class=\"column-10\">171.700 Ft<\/td>\n<\/tr>\n<tr class=\"row-9\">\n\t<td class=\"column-1\">GKI CTVN<\/td><td class=\"column-2\">50.000 Ft<\/td><td class=\"column-3\">3x11.400 Ft<\/td><td class=\"column-4\">-<\/td><td class=\"column-5\">35.000 Ft<\/td><td class=\"column-6\">-<\/td><td class=\"column-7\">85.000 Ft<\/td><td class=\"column-8\">34.200 Ft<\/td><td class=\"column-9\">16.100 Ft<\/td><td class=\"column-10\">135.300 Ft<\/td>\n<\/tr>\n<tr class=\"row-10\">\n\t<td class=\"column-1\">GKI DTVN<\/td><td class=\"column-2\">50.000 Ft<\/td><td class=\"column-3\">3x11.400 Ft<\/td><td class=\"column-4\">-<\/td><td class=\"column-5\">35.000 Ft<\/td><td class=\"column-6\">-<\/td><td class=\"column-7\">85.000 Ft<\/td><td class=\"column-8\">34.200 Ft<\/td><td class=\"column-9\">16.100 Ft<\/td><td class=\"column-10\">135.300 Ft<\/td>\n<\/tr>\n<tr class=\"row-11\">\n\t<td class=\"column-1\">GKI CT<\/td><td class=\"column-2\">50.000 Ft<\/td><td class=\"column-3\">3x11.400 Ft<\/td><td class=\"column-4\">-<\/td><td class=\"column-5\">35.000 Ft<\/td><td class=\"column-6\">-<\/td><td class=\"column-7\">85.000 Ft<\/td><td class=\"column-8\">34.200 Ft<\/td><td class=\"column-9\">16.100 Ft<\/td><td class=\"column-10\">135.300 Ft<\/td>\n<\/tr>\n<tr class=\"row-12\">\n\t<td class=\"column-1\">GKI DT<\/td><td class=\"column-2\">50.000 Ft<\/td><td class=\"column-3\">3x11.400 Ft<\/td><td class=\"column-4\">-<\/td><td class=\"column-5\">35.000 Ft<\/td><td class=\"column-6\">-<\/td><td class=\"column-7\">85.000 Ft<\/td><td class=\"column-8\">34.200 Ft<\/td><td class=\"column-9\">16.100 Ft<\/td><td class=\"column-10\">135.300 Ft<\/td>\n<\/tr>\n<tr class=\"row-13\">\n\t<td class=\"column-1\">GKI CDT<\/td><td class=\"column-2\">75.000 Ft<\/td><td class=\"column-3\">4x11.400 Ft<br \/>\r\n(45.600 Ft)<\/td><td class=\"column-4\">-<\/td><td class=\"column-5\">35.000 Ft<\/td><td class=\"column-6\">-<\/td><td class=\"column-7\">110.000 Ft<\/td><td class=\"column-8\">45.600 Ft<\/td><td class=\"column-9\">16.100 Ft<\/td><td class=\"column-10\">171.700 Ft<\/td>\n<\/tr>\n<tr class=\"row-14\">\n\t<td class=\"column-1\">GKI CKT<\/td><td class=\"column-2\">25.000 Ft<\/td><td class=\"column-3\">11.400 Ft<\/td><td class=\"column-4\">-<\/td><td class=\"column-5\">35.000 Ft<\/td><td class=\"column-6\">-<\/td><td class=\"column-7\">60.000 Ft<\/td><td class=\"column-8\">11.400 Ft<\/td><td class=\"column-9\">16.100 Ft<\/td><td class=\"column-10\">87.500 Ft<\/td>\n<\/tr>\n<tr class=\"row-15\">\n\t<td class=\"column-1\">GKI DKT<\/td><td class=\"column-2\">25.000 Ft<\/td><td class=\"column-3\">11.400 Ft<\/td><td class=\"column-4\">-<\/td><td class=\"column-5\">35.000 Ft<\/td><td class=\"column-6\">-<\/td><td class=\"column-7\">60.000 Ft<\/td><td class=\"column-8\">11.400 Ft<\/td><td class=\"column-9\">16.100 Ft<\/td><td class=\"column-10\">87.500 Ft<\/td>\n<\/tr>\n<\/tbody>\n<\/table>\n<span id=\"tablepress-2-description\" class=\"tablepress-table-description tablepress-table-description-id-2\">* A kedvezm\u00e9ny 2025.03.31-ig \u00e9rv\u00e9nyes<\/span>\n<!-- #tablepress-2 from cache --><\/div>\n\t\t\t\t\t\t<\/div>\n\t\t\t\t<\/div>\n\t\t\t\t\t<\/div>\n\t\t\t\t<\/div>\n\t\t<div class=\"aux-parallax-section elementor-element elementor-element-545f99d e-flex e-con-boxed e-con e-parent\" data-id=\"545f99d\" data-element_type=\"container\">\n\t\t\t\t\t<div class=\"e-con-inner\">\n\t\t\t\t<div class=\"elementor-element elementor-element-f2dba93 aux-appear-watch-animation aux-fade-in-up elementor-widget elementor-widget-aux_modern_heading\" data-id=\"f2dba93\" data-element_type=\"widget\" data-widget_type=\"aux_modern_heading.default\">\n\t\t\t\t<div class=\"elementor-widget-container\">\n\t\t\t\t\t<section class=\"aux-widget-modern-heading\">\n            <div class=\"aux-widget-inner\"><div class=\"aux-modern-heading-divider\"><\/div><h4 class=\"aux-modern-heading-primary\">Online Vizsgamentes GKI k\u00e9pz\u00e9sek<\/h4><\/div>\n        <\/section>\t\t\t\t<\/div>\n\t\t\t\t<\/div>\n\t\t\t\t<div class=\"elementor-element elementor-element-8594b44 elementor-widget elementor-widget-shortcode\" data-id=\"8594b44\" data-element_type=\"widget\" data-widget_type=\"shortcode.default\">\n\t\t\t\t<div class=\"elementor-widget-container\">\n\t\t\t\t\t\t\t<div class=\"elementor-shortcode\">\n<table id=\"tablepress-3\" class=\"tablepress tablepress-id-3\" aria-describedby=\"tablepress-3-description\">\n<thead>\n<tr class=\"row-1\">\n\t<th class=\"column-1\">Online vizsgamentes GKI k\u00e9pz\u00e9si d\u00edjak<\/th><th class=\"column-2\">Elm\u00e9let<\/th><th class=\"column-3\">K\u00f6zleked\u00e9si fel\u00fcgyeleti d\u00edj<\/th><th class=\"column-4\">3+2 \u00f3ra szimul\u00e1tor<\/th><th class=\"column-5\">\u00d6sszesen<\/th>\n<\/tr>\n<\/thead>\n<tbody class=\"row-striping row-hover\">\n<tr class=\"row-2\">\n\t<td class=\"column-1\">Teherg\u00e9pkocsi<\/td><td class=\"column-2\">50.000 Ft<\/td><td class=\"column-3\">34.200 Ft*<\/td><td class=\"column-4\">35.000 Ft<\/td><td class=\"column-5\">119.200 Ft<\/td>\n<\/tr>\n<tr class=\"row-3\">\n\t<td class=\"column-1\">Aut\u00f3busz<\/td><td class=\"column-2\">50.000 Ft<\/td><td class=\"column-3\">34.200 Ft*<\/td><td class=\"column-4\">35.000 Ft<\/td><td class=\"column-5\">119.200 Ft<\/td>\n<\/tr>\n<tr class=\"row-4\">\n\t<td class=\"column-1\">Aut\u00f3buszvezet\u0151i \u00e9s tehetg\u00e9pkocsi-vezet\u0151i \u00f6sszevont tov\u00e1bbk\u00e9pz\u00e9s<\/td><td class=\"column-2\">75.000 Ft<\/td><td class=\"column-3\">45.600 Ft*<\/td><td class=\"column-4\">35.000 Ft<\/td><td class=\"column-5\">155.600 Ft<\/td>\n<\/tr>\n<\/tbody>\n<\/table>\n<span id=\"tablepress-3-description\" class=\"tablepress-table-description tablepress-table-description-id-3\">2024. Febru\u00e1r 3-t\u00f3l<br \/>\n*GKI k\u00e1rtya d\u00edjat nem tartalmazza<br \/>\nGKI k\u00e1rtya d\u00edja:16.100 Ft<\/span>\n<!-- #tablepress-3 from cache --><\/div>\n\t\t\t\t\t\t<\/div>\n\t\t\t\t<\/div>\n\t\t\t\t\t<\/div>\n\t\t\t\t<\/div>\n\t\t<div class=\"aux-parallax-section elementor-element elementor-element-05a8101 e-flex e-con-boxed e-con e-parent\" data-id=\"05a8101\" data-element_type=\"container\">\n\t\t\t\t\t<div class=\"e-con-inner\">\n\t\t\t\t<div class=\"elementor-element elementor-element-285cbd4 aux-appear-watch-animation aux-fade-in-up elementor-widget elementor-widget-aux_modern_heading\" data-id=\"285cbd4\" data-element_type=\"widget\" data-widget_type=\"aux_modern_heading.default\">\n\t\t\t\t<div class=\"elementor-widget-container\">\n\t\t\t\t\t<section class=\"aux-widget-modern-heading\">\n            <div class=\"aux-widget-inner\"><div class=\"aux-modern-heading-divider\"><\/div><h4 class=\"aux-modern-heading-primary\">Tantermi Vizsgamentes GKI k\u00e9pz\u00e9sek<\/h4><\/div>\n        <\/section>\t\t\t\t<\/div>\n\t\t\t\t<\/div>\n\t\t\t\t<div class=\"elementor-element elementor-element-cf44cfc elementor-widget elementor-widget-shortcode\" data-id=\"cf44cfc\" data-element_type=\"widget\" data-widget_type=\"shortcode.default\">\n\t\t\t\t<div class=\"elementor-widget-container\">\n\t\t\t\t\t\t\t<div class=\"elementor-shortcode\">\n<table id=\"tablepress-4\" class=\"tablepress tablepress-id-4\" aria-describedby=\"tablepress-4-description\">\n<thead>\n<tr class=\"row-1\">\n\t<th class=\"column-1\">Tantermi vizsgamentes GKI k\u00e9pz\u00e9si d\u00edjak<\/th><th class=\"column-2\">Elm\u00e9let<\/th><th class=\"column-3\">K\u00f6zleked\u00e9si fel\u00fcgyeleti d\u00edj<\/th><th class=\"column-4\">3+2 \u00f3ra szimul\u00e1tor<\/th><th class=\"column-5\">\u00d6sszesen<\/th>\n<\/tr>\n<\/thead>\n<tbody class=\"row-striping row-hover\">\n<tr class=\"row-2\">\n\t<td class=\"column-1\">Teherg\u00e9pkocsi<\/td><td class=\"column-2\">65.000 Ft<\/td><td class=\"column-3\">34.200 Ft*<\/td><td class=\"column-4\">35.000 Ft<\/td><td class=\"column-5\">134.200 Ft<\/td>\n<\/tr>\n<tr class=\"row-3\">\n\t<td class=\"column-1\">Aut\u00f3busz<\/td><td class=\"column-2\">65.000 Ft<\/td><td class=\"column-3\">34.200 Ft*<\/td><td class=\"column-4\">35.000 Ft<\/td><td class=\"column-5\">134.200 Ft<\/td>\n<\/tr>\n<tr class=\"row-4\">\n\t<td class=\"column-1\">Aut\u00f3buszvezet\u0151i \u00e9s tehetg\u00e9pkocsi-vezet\u0151i \u00f6sszevont tov\u00e1bbk\u00e9pz\u00e9s<\/td><td class=\"column-2\">90.000 Ft<\/td><td class=\"column-3\">45.600 Ft*<\/td><td class=\"column-4\">35.000 Ft<\/td><td class=\"column-5\">170.600 Ft<\/td>\n<\/tr>\n<\/tbody>\n<\/table>\n<span id=\"tablepress-4-description\" class=\"tablepress-table-description tablepress-table-description-id-4\">2024. Febru\u00e1r 3-t\u00f3l<br \/>\n*GKI k\u00e1rtya d\u00edjat nem tartalmazza<br \/>\nGKI k\u00e1rtya d\u00edja:16.100 Ft<\/span>\n<!-- #tablepress-4 from cache --><\/div>\n\t\t\t\t\t\t<\/div>\n\t\t\t\t<\/div>\n\t\t\t\t\t<\/div>\n\t\t\t\t<\/div>\n\t\t\t\t<\/div>\n\t\t","protected":false},"excerpt":{"rendered":"<p>GKI k\u00e9pz\u00e9sek Online Vizsgamentes GKI k\u00e9pz\u00e9sek Tantermi Vizsgamentes GKI k\u00e9pz\u00e9sek<\/p>\n","protected":false},"author":1,"featured_media":247,"parent":0,"menu_order":0,"comment_status":"closed","ping_status":"closed","template":"","meta":{"footnotes":""},"class_list":["post-303","page","type-page","status-publish","has-post-thumbnail","hentry"],"yoast_head":"<!-- This site is optimized with the Yoast SEO plugin v25.3 - https:\/\/yoast.com\/wordpress\/plugins\/seo\/ -->\n<title>GKI \u00e1rak - NeTcar Aut\u00f3siskola Tatab\u00e1nya<\/title>\n<meta name=\"description\" content=\"Ismerd meg a Netcar Aut\u00f3siskola tatab\u00e1nyai GKI tanfolyamainak \u00e1rait! GKI alapk\u00e9pz\u00e9s, tov\u00e1bbk\u00e9pz\u00e9s \u00e9s vizsgamentes GKI k\u00e1rtya \u00e1rak\" \/>\n<meta name=\"robots\" content=\"index, follow, max-snippet:-1, max-image-preview:large, max-video-preview:-1\" \/>\n<link rel=\"canonical\" href=\"https:\/\/netcar.spp.hu\/tatabanya\/gki-arak\/\" \/>\n<meta property=\"og:locale\" content=\"hu_HU\" \/>\n<meta property=\"og:type\" content=\"article\" \/>\n<meta property=\"og:title\" content=\"Netcar Aut\u00f3siskola tatab\u00e1nyai GKI tanfolyamai\" \/>\n<meta property=\"og:description\" content=\"Ismerd meg a Netcar Aut\u00f3siskola tatab\u00e1nyai GKI tanfolyamainak \u00e1rait! GKI alapk\u00e9pz\u00e9s, tov\u00e1bbk\u00e9pz\u00e9s \u00e9s vizsgamentes GKI k\u00e1rtya \u00e1rak\" \/>\n<meta property=\"og:url\" content=\"https:\/\/netcar.spp.hu\/tatabanya\/gki-arak\/\" \/>\n<meta property=\"og:site_name\" content=\"NeTcar Aut\u00f3siskola Tatab\u00e1nya\" \/>\n<meta property=\"article:modified_time\" content=\"2025-05-26T13:10:17+00:00\" \/>\n<meta property=\"og:image\" content=\"https:\/\/netcar.spp.hu\/tatabanya\/wp-content\/uploads\/sites\/7\/2025\/05\/GKI_C_kat.png\" \/>\n\t<meta property=\"og:image:width\" content=\"1200\" \/>\n\t<meta property=\"og:image:height\" content=\"680\" \/>\n\t<meta property=\"og:image:type\" content=\"image\/png\" \/>\n<meta name=\"twitter:card\" content=\"summary_large_image\" \/>\n<meta name=\"twitter:label1\" content=\"Becs\u00fclt olvas\u00e1si id\u0151\" \/>\n\t<meta name=\"twitter:data1\" content=\"1 perc\" \/>\n<script type=\"application\/ld+json\" class=\"yoast-schema-graph\">{\"@context\":\"https:\/\/schema.org\",\"@graph\":[{\"@type\":\"WebPage\",\"@id\":\"https:\/\/netcar.spp.hu\/tatabanya\/gki-arak\/\",\"url\":\"https:\/\/netcar.spp.hu\/tatabanya\/gki-arak\/\",\"name\":\"GKI \u00e1rak - NeTcar Aut\u00f3siskola Tatab\u00e1nya\",\"isPartOf\":{\"@id\":\"https:\/\/netcar.spp.hu\/tatabanya\/#website\"},\"primaryImageOfPage\":{\"@id\":\"https:\/\/netcar.spp.hu\/tatabanya\/gki-arak\/#primaryimage\"},\"image\":{\"@id\":\"https:\/\/netcar.spp.hu\/tatabanya\/gki-arak\/#primaryimage\"},\"thumbnailUrl\":\"https:\/\/netcar.spp.hu\/tatabanya\/wp-content\/uploads\/sites\/7\/2025\/05\/GKI_C_kat.png\",\"datePublished\":\"2025-05-26T13:08:55+00:00\",\"dateModified\":\"2025-05-26T13:10:17+00:00\",\"description\":\"Ismerd meg a Netcar Aut\u00f3siskola tatab\u00e1nyai GKI tanfolyamainak \u00e1rait! GKI alapk\u00e9pz\u00e9s, tov\u00e1bbk\u00e9pz\u00e9s \u00e9s vizsgamentes GKI k\u00e1rtya \u00e1rak\",\"breadcrumb\":{\"@id\":\"https:\/\/netcar.spp.hu\/tatabanya\/gki-arak\/#breadcrumb\"},\"inLanguage\":\"hu\",\"potentialAction\":[{\"@type\":\"ReadAction\",\"target\":[\"https:\/\/netcar.spp.hu\/tatabanya\/gki-arak\/\"]}]},{\"@type\":\"ImageObject\",\"inLanguage\":\"hu\",\"@id\":\"https:\/\/netcar.spp.hu\/tatabanya\/gki-arak\/#primaryimage\",\"url\":\"https:\/\/netcar.spp.hu\/tatabanya\/wp-content\/uploads\/sites\/7\/2025\/05\/GKI_C_kat.png\",\"contentUrl\":\"https:\/\/netcar.spp.hu\/tatabanya\/wp-content\/uploads\/sites\/7\/2025\/05\/GKI_C_kat.png\",\"width\":1200,\"height\":680,\"caption\":\"NeTcar Aut\u00f3siskola Tatab\u00e1nya busz vezet\u0151 tanfolyam\"},{\"@type\":\"BreadcrumbList\",\"@id\":\"https:\/\/netcar.spp.hu\/tatabanya\/gki-arak\/#breadcrumb\",\"itemListElement\":[{\"@type\":\"ListItem\",\"position\":1,\"name\":\"Kezd\u0151lap\",\"item\":\"https:\/\/netcar.spp.hu\/tatabanya\/\"},{\"@type\":\"ListItem\",\"position\":2,\"name\":\"GKI \u00e1rak\"}]},{\"@type\":\"WebSite\",\"@id\":\"https:\/\/netcar.spp.hu\/tatabanya\/#website\",\"url\":\"https:\/\/netcar.spp.hu\/tatabanya\/\",\"name\":\"NeTcar Aut\u00f3siskola Tatab\u00e1nya\",\"description\":\"Jogos\u00edtv\u00e1nyszerz\u00e9s minden kateg\u00f3ri\u00e1ban Tatab\u00e1ny\u00e1n.\",\"publisher\":{\"@id\":\"https:\/\/netcar.spp.hu\/tatabanya\/#organization\"},\"potentialAction\":[{\"@type\":\"SearchAction\",\"target\":{\"@type\":\"EntryPoint\",\"urlTemplate\":\"https:\/\/netcar.spp.hu\/tatabanya\/?s={search_term_string}\"},\"query-input\":{\"@type\":\"PropertyValueSpecification\",\"valueRequired\":true,\"valueName\":\"search_term_string\"}}],\"inLanguage\":\"hu\"},{\"@type\":\"Organization\",\"@id\":\"https:\/\/netcar.spp.hu\/tatabanya\/#organization\",\"name\":\"NeTcar Aut\u00f3siskola Tatab\u00e1nya\",\"url\":\"https:\/\/netcar.spp.hu\/tatabanya\/\",\"logo\":{\"@type\":\"ImageObject\",\"inLanguage\":\"hu\",\"@id\":\"https:\/\/netcar.spp.hu\/tatabanya\/#\/schema\/logo\/image\/\",\"url\":\"https:\/\/netcar.spp.hu\/tatabanya\/wp-content\/uploads\/sites\/7\/2025\/05\/logo_150px.png\",\"contentUrl\":\"https:\/\/netcar.spp.hu\/tatabanya\/wp-content\/uploads\/sites\/7\/2025\/05\/logo_150px.png\",\"width\":150,\"height\":57,\"caption\":\"NeTcar Aut\u00f3siskola Tatab\u00e1nya\"},\"image\":{\"@id\":\"https:\/\/netcar.spp.hu\/tatabanya\/#\/schema\/logo\/image\/\"}}]}<\/script>\n<!-- \/ Yoast SEO plugin. -->","yoast_head_json":{"title":"GKI \u00e1rak - NeTcar Aut\u00f3siskola Tatab\u00e1nya","description":"Ismerd meg a Netcar Aut\u00f3siskola tatab\u00e1nyai GKI tanfolyamainak \u00e1rait! GKI alapk\u00e9pz\u00e9s, tov\u00e1bbk\u00e9pz\u00e9s \u00e9s vizsgamentes GKI k\u00e1rtya \u00e1rak","robots":{"index":"index","follow":"follow","max-snippet":"max-snippet:-1","max-image-preview":"max-image-preview:large","max-video-preview":"max-video-preview:-1"},"canonical":"https:\/\/netcar.spp.hu\/tatabanya\/gki-arak\/","og_locale":"hu_HU","og_type":"article","og_title":"Netcar Aut\u00f3siskola tatab\u00e1nyai GKI tanfolyamai","og_description":"Ismerd meg a Netcar Aut\u00f3siskola tatab\u00e1nyai GKI tanfolyamainak \u00e1rait! GKI alapk\u00e9pz\u00e9s, tov\u00e1bbk\u00e9pz\u00e9s \u00e9s vizsgamentes GKI k\u00e1rtya \u00e1rak","og_url":"https:\/\/netcar.spp.hu\/tatabanya\/gki-arak\/","og_site_name":"NeTcar Aut\u00f3siskola Tatab\u00e1nya","article_modified_time":"2025-05-26T13:10:17+00:00","og_image":[{"width":1200,"height":680,"url":"https:\/\/netcar.spp.hu\/tatabanya\/wp-content\/uploads\/sites\/7\/2025\/05\/GKI_C_kat.png","type":"image\/png"}],"twitter_card":"summary_large_image","twitter_misc":{"Becs\u00fclt olvas\u00e1si id\u0151":"1 perc"},"schema":{"@context":"https:\/\/schema.org","@graph":[{"@type":"WebPage","@id":"https:\/\/netcar.spp.hu\/tatabanya\/gki-arak\/","url":"https:\/\/netcar.spp.hu\/tatabanya\/gki-arak\/","name":"GKI \u00e1rak - NeTcar Aut\u00f3siskola Tatab\u00e1nya","isPartOf":{"@id":"https:\/\/netcar.spp.hu\/tatabanya\/#website"},"primaryImageOfPage":{"@id":"https:\/\/netcar.spp.hu\/tatabanya\/gki-arak\/#primaryimage"},"image":{"@id":"https:\/\/netcar.spp.hu\/tatabanya\/gki-arak\/#primaryimage"},"thumbnailUrl":"https:\/\/netcar.spp.hu\/tatabanya\/wp-content\/uploads\/sites\/7\/2025\/05\/GKI_C_kat.png","datePublished":"2025-05-26T13:08:55+00:00","dateModified":"2025-05-26T13:10:17+00:00","description":"Ismerd meg a Netcar Aut\u00f3siskola tatab\u00e1nyai GKI tanfolyamainak \u00e1rait! GKI alapk\u00e9pz\u00e9s, tov\u00e1bbk\u00e9pz\u00e9s \u00e9s vizsgamentes GKI k\u00e1rtya \u00e1rak","breadcrumb":{"@id":"https:\/\/netcar.spp.hu\/tatabanya\/gki-arak\/#breadcrumb"},"inLanguage":"hu","potentialAction":[{"@type":"ReadAction","target":["https:\/\/netcar.spp.hu\/tatabanya\/gki-arak\/"]}]},{"@type":"ImageObject","inLanguage":"hu","@id":"https:\/\/netcar.spp.hu\/tatabanya\/gki-arak\/#primaryimage","url":"https:\/\/netcar.spp.hu\/tatabanya\/wp-content\/uploads\/sites\/7\/2025\/05\/GKI_C_kat.png","contentUrl":"https:\/\/netcar.spp.hu\/tatabanya\/wp-content\/uploads\/sites\/7\/2025\/05\/GKI_C_kat.png","width":1200,"height":680,"caption":"NeTcar Aut\u00f3siskola Tatab\u00e1nya busz vezet\u0151 tanfolyam"},{"@type":"BreadcrumbList","@id":"https:\/\/netcar.spp.hu\/tatabanya\/gki-arak\/#breadcrumb","itemListElement":[{"@type":"ListItem","position":1,"name":"Kezd\u0151lap","item":"https:\/\/netcar.spp.hu\/tatabanya\/"},{"@type":"ListItem","position":2,"name":"GKI \u00e1rak"}]},{"@type":"WebSite","@id":"https:\/\/netcar.spp.hu\/tatabanya\/#website","url":"https:\/\/netcar.spp.hu\/tatabanya\/","name":"NeTcar Aut\u00f3siskola Tatab\u00e1nya","description":"Jogos\u00edtv\u00e1nyszerz\u00e9s minden kateg\u00f3ri\u00e1ban Tatab\u00e1ny\u00e1n.","publisher":{"@id":"https:\/\/netcar.spp.hu\/tatabanya\/#organization"},"potentialAction":[{"@type":"SearchAction","target":{"@type":"EntryPoint","urlTemplate":"https:\/\/netcar.spp.hu\/tatabanya\/?s={search_term_string}"},"query-input":{"@type":"PropertyValueSpecification","valueRequired":true,"valueName":"search_term_string"}}],"inLanguage":"hu"},{"@type":"Organization","@id":"https:\/\/netcar.spp.hu\/tatabanya\/#organization","name":"NeTcar Aut\u00f3siskola Tatab\u00e1nya","url":"https:\/\/netcar.spp.hu\/tatabanya\/","logo":{"@type":"ImageObject","inLanguage":"hu","@id":"https:\/\/netcar.spp.hu\/tatabanya\/#\/schema\/logo\/image\/","url":"https:\/\/netcar.spp.hu\/tatabanya\/wp-content\/uploads\/sites\/7\/2025\/05\/logo_150px.png","contentUrl":"https:\/\/netcar.spp.hu\/tatabanya\/wp-content\/uploads\/sites\/7\/2025\/05\/logo_150px.png","width":150,"height":57,"caption":"NeTcar Aut\u00f3siskola Tatab\u00e1nya"},"image":{"@id":"https:\/\/netcar.spp.hu\/tatabanya\/#\/schema\/logo\/image\/"}}]}},"publishpress_future_action":{"enabled":false,"date":"2026-05-09 17:34:51","action":"change-status","newStatus":"draft","terms":[],"taxonomy":""},"publishpress_future_workflow_manual_trigger":{"enabledWorkflows":[]},"_links":{"self":[{"href":"https:\/\/netcar.spp.hu\/tatabanya\/wp-json\/wp\/v2\/pages\/303","targetHints":{"allow":["GET"]}}],"collection":[{"href":"https:\/\/netcar.spp.hu\/tatabanya\/wp-json\/wp\/v2\/pages"}],"about":[{"href":"https:\/\/netcar.spp.hu\/tatabanya\/wp-json\/wp\/v2\/types\/page"}],"author":[{"embeddable":true,"href":"https:\/\/netcar.spp.hu\/tatabanya\/wp-json\/wp\/v2\/users\/1"}],"replies":[{"embeddable":true,"href":"https:\/\/netcar.spp.hu\/tatabanya\/wp-json\/wp\/v2\/comments?post=303"}],"version-history":[{"count":4,"href":"https:\/\/netcar.spp.hu\/tatabanya\/wp-json\/wp\/v2\/pages\/303\/revisions"}],"predecessor-version":[{"id":313,"href":"https:\/\/netcar.spp.hu\/tatabanya\/wp-json\/wp\/v2\/pages\/303\/revisions\/313"}],"wp:featuredmedia":[{"embeddable":true,"href":"https:\/\/netcar.spp.hu\/tatabanya\/wp-json\/wp\/v2\/media\/247"}],"wp:attachment":[{"href":"https:\/\/netcar.spp.hu\/tatabanya\/wp-json\/wp\/v2\/media?parent=303"}],"curies":[{"name":"wp","href":"https:\/\/api.w.org\/{rel}","templated":true}]}}